{"id":10,"date":"2021-03-24T14:55:17","date_gmt":"2021-03-24T14:55:17","guid":{"rendered":"http:\/\/www.outiaho.fi\/?page_id=10"},"modified":"2022-09-28T16:32:52","modified_gmt":"2022-09-28T16:32:52","slug":"cv","status":"publish","type":"page","link":"https:\/\/www.outiaho.fi\/?page_id=10","title":{"rendered":"CV"},"content":{"rendered":"\n<h2 class=\"has-normal-font-size wp-block-heading\">TAIDEKOULUTUS \/ART EDUCATION<\/h2>\n\n\n\n<ul class=\"has-extra-small-font-size\"><li>Kuvataiteilija YAMK, (Master&#8217;s degree), 2019, Satakunnan Ammattikorkeakoulu, Kankaanp\u00e4\u00e4, Finland<\/li><li>Kuvataiteilija AMK, 2015,&nbsp;<a rel=\"noreferrer noopener\" href=\"http:\/\/www.taideakatemia.turkuamk.fi\/public\/default.aspx?nodeid=7619&amp;culture=fi-FI&amp;contentlan=1\" target=\"_blank\">Turun Taideakatemia<\/a>,Turku Finland<\/li><li>Taiteen maisteri (Master of Arts), 2010,&nbsp;<a rel=\"noreferrer noopener\" href=\"http:\/\/www.taik.fi\/\" target=\"_blank\">Taideteollinen korkeakoulu<\/a>, Aalto yliopisto, Helsinki, Finland<\/li><li>Taiteen kandidaatti (Bachelor of Arts), 2005,&nbsp;<a rel=\"noreferrer noopener\" href=\"http:\/\/www.taik.fi\/\" target=\"_blank\">Taideteollinen korkeakoulu<\/a>, Helsinki, Finland<\/li><\/ul>\n\n\n\n<p>YKSITYISN\u00c4YTTELYT \/ SOLO EXHIBITIONS (SELECTED)<\/p>\n\n\n\n<ul class=\"has-extra-small-font-size\"><li>2022 <a href=\"https:\/\/galleria.porintaiteilijaseura.fi\/p-galleria-keltainen-keskipiste-10-6-3-7-2022-outi-aho\/\">Keltainen keskipiste<\/a>, P-Galleria, Pori, Finland<\/li><li>2022 <a href=\"https:\/\/avarataide.fi\/nayttelyt\/outi-aho-15-shades-of-black-pikkugalleriassa-16-4-5-5-2022\/\" data-type=\"URL\" data-id=\"https:\/\/avarataide.fi\/nayttelyt\/outi-aho-15-shades-of-black-pikkugalleriassa-16-4-5-5-2022\/\">15 Shades of Black<\/a>, Pikkugalleria, Galleria Ronga, Tampere, Finland<\/li><li>2020&nbsp;<a rel=\"noreferrer noopener\" href=\"https:\/\/www.skjl.fi\/nayttelytoiminta\/galleria-seina\/esilla-nyt\/\" target=\"_blank\">Galleria Sein\u00e4<\/a>, Helsinki, Finland<\/li><li>2020 Matkan varrelta, &nbsp;<a rel=\"noreferrer noopener\" href=\"https:\/\/avarataide.fi\/\" target=\"_blank\">Galleria Ronga<\/a>, Tampere, Finland<\/li><li>2019 Grafoteekin kuukauden taiteilija, Marraskuu 2019, Helsinki<\/li><li>2018 IHMISEN J\u00c4LKI,&nbsp;<a rel=\"noreferrer noopener\" href=\"http:\/\/www.poriartmuseum.fi\/fin\/poriginal-galleria\/\" target=\"_blank\">Poriginal Galleria<\/a>, Pori, Finland<\/li><li>2018 RAKENNETTU MAISEMA,&nbsp;<a rel=\"noreferrer noopener\" href=\"http:\/\/galleriauusikipina.net\/\" target=\"_blank\">Galleria Uusi Kipin\u00e4,<\/a>&nbsp;Lahti, Finland<\/li><li>2018 PAIKAN HENKI,&nbsp;<a rel=\"noreferrer noopener\" href=\"http:\/\/www.espoonkuvataiteilijat.fi\/aarni\/esittely\" target=\"_blank\">Galleria Aarni<\/a>, Espoo,Finland<\/li><li>2016 Piirroksia ei-kenenk\u00e4\u00e4n maasta,&nbsp;<a rel=\"noreferrer noopener\" href=\"http:\/\/helsingintaiteilijaseura.fi\/galleria-katariina\/\" target=\"_blank\">Galleria Katariina<\/a>, Helsinki, Finland<\/li><li>2016 PIIRROKSIA,<a rel=\"noreferrer noopener\" href=\"http:\/\/www.avarataide.fi\/\" target=\"_blank\">&nbsp;Galleria Ronga<\/a>, Tampere, Finland<\/li><li>2015 NULLA DIES SINE LINEA &#8211; Ei p\u00e4iv\u00e4\u00e4k\u00e4\u00e4n ilman viivaa,&nbsp;<a rel=\"noreferrer noopener\" href=\"http:\/\/www.turuntaiteilijaseura.fi\/gallery\/\" target=\"_blank\">Galleria \u00c5<\/a>, Turku, Finland<\/li><li>2013 RUOAN ANATOMIAA, Ravintola BLANKO n\u00e4yteikkuna,Turku, Finland<\/li><li>2013&nbsp;<a href=\"http:\/\/galleriakapriisi.net\/nayttelygalleria\/outi-aho-30-1-24-2-2013\/\">PIIRT\u00c4MISEN FILOSOFIAA<\/a>, Galleria Kapriisi, Tampere, Finland<\/li><li>2012&nbsp;<a href=\"outiaho_haalistuneettoiveet.html\">Haalistuneet Toiveet<\/a>,&nbsp;<a href=\"http:\/\/www.avarataide.fi\">Galleria Ronga<\/a>, Tampere, Finland<\/li><li>2012&nbsp;<a href=\"outiaho_mikamies.html\">Mik\u00e4 Mies<\/a>, Galleria Kivipankki, J\u00e4ms\u00e4, Finland<\/li><li>2011&nbsp;<a href=\"http:\/\/galleriakapriisi.net\/\">Galleria Kapriisi<\/a>, Tampere, Finland<\/li><li>2010 Arteljee ikkunagalleria, Tampere, Finland<\/li><li>2003 V\u00c4RIT VALLOILLAAN, Lemp\u00e4\u00e4l\u00e4, Finland<\/li><\/ul>\n\n\n\n<h2 class=\"has-normal-font-size wp-block-heading\">RYHM\u00c4N\u00c4YTTELYT JA YHTEISN\u00c4YTTELYT\/ GROUP EXHIBITIONS (SELECTED)<\/h2>\n\n\n\n<ul class=\"has-extra-small-font-size\"><li>2022 Matkalla, Galleria Muuntotila, Tampere, Finland<\/li><li>2022 Avarataide ry. Pikkugalleria, Galleria Ronga, Finland<\/li><li>2021 6+8, AvaraTaide ry:n ryhm\u00e4n\u00e4yttely.\u00a0<a href=\"http:\/\/www.avarataide.fi\/\">Galleria Ronga<\/a>, Tampere, Finland<\/li><li>2019 Yhdess\u00e4, AvaraTaide ry:n 10-vuotisjuhlan\u00e4yttely.\u00a0<a href=\"http:\/\/www.avarataide.fi\/\">Galleria Ronga<\/a>, Tampere, Finland<\/li><li>2017 Nurjapuoli, AvaraTaide ry:n ryhm\u00e4n\u00e4yttely.\u00a0<a href=\"http:\/\/www.avarataide.fi\/\">Galleria Ronga<\/a>, Tampere, Finland<\/li><li>2016 Piirustusn\u00e4yttely Alkuj\u00e4lki\u00e4, AvaraTaide ry ryhm\u00e4n\u00e4yttely,\u00a0<a rel=\"noreferrer noopener\" href=\"http:\/\/www.avarataide.fi\/\" target=\"_blank\">Galleria Ronga<\/a>, Tampere, Finland<\/li><li>2016 Siirtymi\u00e4, Avarataide ry j\u00e4senten ryhm\u00e4n\u00e4yttely,\u00a0<a rel=\"noreferrer noopener\" href=\"http:\/\/lapintaiteilijaseura.fi\/\" target=\"_blank\">Galleria Napa<\/a>, Rovaniemi, Finland<\/li><li><a rel=\"noreferrer noopener\" href=\"http:\/\/www.lahdentaiteilijaseura.fi\/news.php?id=\" target=\"_blank\">Piirr\u00e4 nyt! Nykypiirustuksen monet kasvot<\/a>, Jurytetty ryhm\u00e4n\u00e4yttely. Kierton\u00e4yttely:<ul><li>2015 Lahden taidemuseo<\/li><li>2016 Rovaniemen taidemuseo<\/li><\/ul><\/li><li>2015\u00a0<a rel=\"noreferrer noopener\" href=\"https:\/\/www.facebook.com\/events\/1009723402394604\/\" target=\"_blank\">Hyv\u00e4ss\u00e4 ja Pahassa<\/a>, AvaraTaide ry ryhm\u00e4n\u00e4yttely. (Pirkanmaan Triennaalin \u201dOle kuin kotonasi\u201d off-tapahtuma)<a rel=\"noreferrer noopener\" href=\"http:\/\/www.avarataide.fi\/\" target=\"_blank\">\u00a0Galleria Ronga<\/a>, Tampere, Finland<\/li><li>2014 KORU, Pirkanmaa muotoilee V, jurytetty n\u00e4yttely, TR1 Taidehalli, Tampere, Finland<\/li><li>2014 JUHLAT 2\/2, GALLERIA RONGA 5\u00a0VUOTTA,\u00a0<a rel=\"noreferrer noopener\" href=\"http:\/\/www.avarataide.fi\/\" target=\"_blank\">Galleria Ronga<\/a>, Tampere, Finland<\/li><li>2013\u00a0<a href=\"http:\/\/driveinartistcommunity.blogspot.fi\/\">HETKINEN<\/a>, yhteisn\u00e4yttely Riia Leistin kanssa, Galleria Koppelo, Tampere, Finland<\/li><li>2013\u00a0<a rel=\"noreferrer noopener\" href=\"http:\/\/www.avarataide.fi\/etusivu\/209-156-472013-omakuvatoisen-kuva\" target=\"_blank\">Omakuva:toisen kuva<\/a>,\u00a0<a rel=\"noreferrer noopener\" href=\"http:\/\/www.avarataide.fi\/\" target=\"_blank\">Galleria Ronga<\/a>, Tampere, Finland<\/li><li>2011 VIMMA, Pirkanmaa muotoilee IV \/ Modus 10v. juhlan\u00e4yttely, Tampere, Finland<\/li><li>2011\u00a0<a href=\"http:\/\/www.forssanmuseo.fi\/tapahtumat\/?newsid=34\">Fabrication 2 Forssa<\/a>, Forssa, Finland<\/li><li>2010\u00a0<a rel=\"noreferrer noopener\" href=\"http:\/\/www.artists.fi\/tietoa_toiminnasta\/ajankohtaista\/taiteilijat_2010-nayttelyn_taiteilijat_valittu.html\" target=\"_blank\">Taiteilijat 2010<\/a>, Organized by Artists Association of Finland, Tampere, Finland<\/li><li>2010\u00a0<a rel=\"noreferrer noopener\" href=\"http:\/\/www.taidelaari.fi\/uutiset\/juhliva-tr1-taidehalli-kaariytyy-syksylla-kuoseihin\" target=\"_blank\">Fabrication<\/a>, TR1 &#8211; Taidehalli, Organized by Tampere Art Museum, Tampere, Finland<\/li><li><a rel=\"noreferrer noopener\" href=\"http:\/\/www.mastersofarts.fi\/moa2010\/\" target=\"_blank\">Masters of Arts 2010 &#8211; City of Senses, Helsinki, Finland, 12.5. \u2013 13.6.2010<\/a><\/li><li>2009 MATERIAL INSPIRATION, Mediakeskus Lume, Galleria, Helsinki, Finland<\/li><li>2008 SIS\u00c4PIHOJA, Haiharan taidekeskus, Tampere, Finland<\/li><li>2007 KOTONA &#8211; AT HOME, Mediakeskus Lume, Galleria, Helsinki, Finland<\/li><li>2005 TILASSA, Wetterhoff 120 vuotta &#8211; sein\u00e4tekstiilikilpailun parhaat, H\u00e4meenlinna, Finland<\/li><li>2005 VASTAKOHTIA, Aralis-galleria, Helsinki, Finland<\/li><li>2002 V\u00c4RILL\u00c4K\u00d6 V\u00c4LI\u00c4, Kenk\u00e4vero, Mikkeli, Finland<\/li><\/ul>\n\n\n\n<h2 class=\"has-normal-font-size wp-block-heading\">APURAHAT<\/h2>\n\n\n\n<ul class=\"has-extra-small-font-size\"><li>2022 Taiteen edist\u00e4miskeskus, 2 kk ty\u00f6skentelyapuraha (korona-avustus).<\/li><li>2021 Taiteen edist\u00e4miskeskus, 2 kk ty\u00f6skentelyapuraha (korona-avustus).<\/li><li>2016 Taiteen edist\u00e4miskeskus, Pirkanmaan taidetoimikunta. Kohdeapuraha yksityisn\u00e4yttelyn j\u00e4rjest\u00e4miseen.<\/li><li>2015 Taiteen edist\u00e4miskeskus, Pirkanmaan taidetoimikunta. kohdeapuraha Avarataide ry yhdistyksen j\u00e4senten ryhm\u00e4n\u00e4yttelyyn.<\/li><li>2011 Pirkanmaan taidetoimikunta, kohdeapuraha \/project grant<\/li><\/ul>\n\n\n\n<h2 class=\"has-normal-font-size wp-block-heading\">TILAUSTY\u00d6T \/ COMMISSIONED WORKS<\/h2>\n\n\n\n<ul class=\"has-extra-small-font-size\"><li>2009 RAUTAA TAKOMASSA, Jyv\u00e4skyl\u00e4n Yliopiston taidekokoelmat<\/li><li>2004 OPUS MODULUS -sein\u00e4tekstiili, Opus Bussiness Park, NCC Rakennus oy<\/li><\/ul>\n\n\n\n<h2 class=\"has-normal-font-size wp-block-heading\">J\u00c4SENYYDET \/ MEMBERSHIPS<\/h2>\n\n\n\n<ul class=\"has-extra-small-font-size\"><li><a rel=\"noreferrer noopener\" href=\"http:\/\/www.taidegraafikot.fi\/\" target=\"_blank\">Suomen Taidegraafikot ry<\/a><\/li><li><a rel=\"noreferrer noopener\" href=\"http:\/\/www.painters.fi\/\" target=\"_blank\">Taidemaalariliitto ry<\/a><\/li><li><a rel=\"noreferrer noopener\" href=\"http:\/\/tampereen-taiteilijaseura.fi\/\" target=\"_blank\">Tampereen Taiteilijaseura ry<\/a><\/li><li><a href=\"http:\/\/www.avarataide.fi\/\">Avarataide ry<\/a>&nbsp;(yll\u00e4pit\u00e4\u00e4 Galleria Rongaa Tampereella). Hallituksen sihteeri 2022-, hallituksen varapuheenjohtaja 2019-2022 , hallituksen puheenjohtaja 2016-2018, hallituksen varaj\u00e4sen 2014<\/li><li><a rel=\"noreferrer noopener\" href=\"http:\/\/www.kuvasto.fi\" target=\"_blank\">Kuvasto ry<\/a><\/li><\/ul>\n\n\n\n<h2 class=\"has-normal-font-size wp-block-heading\">MUU TOIMINTA<\/h2>\n\n\n\n<ul class=\"has-extra-small-font-size\"><li>Sivutoiminen tuntiopettaja, Pirkan Opisto 2020-<\/li><li>Pirkanmaan Taidesuunnistus 2010, 2011, 2012, 2013, 2014, 2016 ja 2018.<\/li><li><a rel=\"noreferrer noopener\" href=\"http:\/\/www.modus.fi\/\" target=\"_blank\">MODUS ry, Pirkanmaan muotoilu- ja taideteollisuusyhdistyksen<\/a>&nbsp;hallituksen varapuheenjohtaja 2012-2014<\/li><li><a rel=\"noreferrer noopener\" href=\"http:\/\/www.mindtrek.org\/2010\/outi_aho\" target=\"_blank\">Mindtrek 2010, 8.10.2010&nbsp;<\/a>Kutsuttu puhuja teoksesta &#8221;Eiv\u00e4th\u00e4n robotit itke?<\/li><\/ul>\n\n\n\n<h2 class=\"has-normal-font-size wp-block-heading\">MUU KOULUTUS \/ OTHER EDUCATION<\/h2>\n\n\n\n<ul class=\"has-extra-small-font-size\"><li><a rel=\"noreferrer noopener\" href=\"http:\/\/www.tamk.fi\/cms\/tamk.nsf\/$all\/82D4C506722618AAC225766500531D69\" target=\"_blank\">Ammatillinen opettajankoulutus,TAMK, 2011 \u2013 2013<\/a><\/li><li><a rel=\"noreferrer noopener\" href=\"https:\/\/fi.wikipedia.org\/wiki\/ART360\" target=\"_blank\">ART360 klinikat 2010 \u2013 2011<\/a><\/li><\/ul>\n\n\n\n<p><\/p>\n","protected":false},"excerpt":{"rendered":"<p>TAIDEKOULUTUS \/ART EDUCATION Kuvataiteilija YAMK, (Master&#8217;s degree), 2019, Satakunnan Ammattikorkeakoulu, Kankaanp\u00e4\u00e4, Finland Kuvataiteilija AMK, 2015,&nbsp;Turun Taideakatemia,Turku Finland Taiteen maisteri (Master of Arts), 2010,&nbsp;Taideteollinen korkeakoulu, Aalto yliopisto, Helsinki, Finland Taiteen kandidaatti (Bachelor of Arts), 2005,&nbsp;Taideteollinen korkeakoulu, Helsinki, Finland YKSITYISN\u00c4YTTELYT \/ SOLO EXHIBITIONS (SELECTED) 2022 Keltainen keskipiste, P-Galleria, Pori, Finland 2022 15 Shades of Black, Pikkugalleria, Galleria&hellip; <a class=\"more-link\" href=\"https:\/\/www.outiaho.fi\/?page_id=10\">Jatka lukemista <span class=\"screen-reader-text\">CV<\/span><\/a><\/p>\n","protected":false},"author":1,"featured_media":0,"parent":0,"menu_order":0,"comment_status":"closed","ping_status":"closed","template":"","meta":[],"_links":{"self":[{"href":"https:\/\/www.outiaho.fi\/index.php?rest_route=\/wp\/v2\/pages\/10"}],"collection":[{"href":"https:\/\/www.outiaho.fi\/index.php?rest_route=\/wp\/v2\/pages"}],"about":[{"href":"https:\/\/www.outiaho.fi\/index.php?rest_route=\/wp\/v2\/types\/page"}],"author":[{"embeddable":true,"href":"https:\/\/www.outiaho.fi\/index.php?rest_route=\/wp\/v2\/users\/1"}],"replies":[{"embeddable":true,"href":"https:\/\/www.outiaho.fi\/index.php?rest_route=%2Fwp%2Fv2%2Fcomments&post=10"}],"version-history":[{"count":13,"href":"https:\/\/www.outiaho.fi\/index.php?rest_route=\/wp\/v2\/pages\/10\/revisions"}],"predecessor-version":[{"id":294,"href":"https:\/\/www.outiaho.fi\/index.php?rest_route=\/wp\/v2\/pages\/10\/revisions\/294"}],"wp:attachment":[{"href":"https:\/\/www.outiaho.fi\/index.php?rest_route=%2Fwp%2Fv2%2Fmedia&parent=10"}],"curies":[{"name":"wp","href":"https:\/\/api.w.org\/{rel}","templated":true}]}}