{"id":6,"date":"2021-03-24T14:55:17","date_gmt":"2021-03-24T14:55:17","guid":{"rendered":"http:\/\/www.outiaho.fi\/?page_id=6"},"modified":"2021-03-28T17:58:27","modified_gmt":"2021-03-28T17:58:27","slug":"tietoja","status":"publish","type":"page","link":"https:\/\/www.outiaho.fi\/?page_id=6","title":{"rendered":"BIO"},"content":{"rendered":"\n<div class=\"wp-block-image\"><figure class=\"aligncenter size-large is-resized\"><img decoding=\"async\" loading=\"lazy\" src=\"https:\/\/www.outiaho.fi\/wp-content\/uploads\/2021\/03\/Rata700-1024x588.jpg\" alt=\"Rata, 2020, mustekyn\u00e4 paperille, 121 x 184 cm\" class=\"wp-image-158\" width=\"1219\" height=\"700\" srcset=\"https:\/\/www.outiaho.fi\/wp-content\/uploads\/2021\/03\/Rata700-1024x588.jpg 1024w, https:\/\/www.outiaho.fi\/wp-content\/uploads\/2021\/03\/Rata700-300x172.jpg 300w, https:\/\/www.outiaho.fi\/wp-content\/uploads\/2021\/03\/Rata700-150x86.jpg 150w, https:\/\/www.outiaho.fi\/wp-content\/uploads\/2021\/03\/Rata700-768x441.jpg 768w, https:\/\/www.outiaho.fi\/wp-content\/uploads\/2021\/03\/Rata700.jpg 1219w\" sizes=\"(max-width: 1219px) 100vw, 1219px\" \/><figcaption>Rata, 2020, mustekyn\u00e4 paperille, 121 x 184 cm<\/figcaption><\/figure><\/div>\n\n\n\n<p><\/p>\n\n\n\n<p class=\"has-small-font-size\">Olen opiskellut kuvataiteilijaksi Kankaanp\u00e4\u00e4n taidekoulussa (YAMK) ja Turun Taideakatemiassa (AMK). Asun ja ty\u00f6skentelen Lemp\u00e4\u00e4l\u00e4ss\u00e4. <\/p>\n\n\n\n<p class=\"has-small-font-size\">Vaikka ty\u00f6skentelenkin monipuolisesti eri materiaaleilla ja v\u00e4lineill\u00e4, koen olevani piirt\u00e4j\u00e4. Piirt\u00e4misess\u00e4 kiehtoo v\u00e4lit\u00f6n yhteys materiaaliin. K\u00e4sivarren mittaiset viivat, ranteen liikkeell\u00e4 py\u00f6ritetyt pienet piperrykset, kaikki l\u00e4htev\u00e4t itsest\u00e4ni, omasta kehostani. Piirr\u00e4n mit\u00e4 olen ja piirros on n\u00e4kyv\u00e4 manifesti persoonallisuudestani ja n\u00e4kemisen prosessistani. Teokseni syntyv\u00e4t hitaasti ja rauhassa keskittym\u00e4ll\u00e4 piirt\u00e4misen prosessiin.&nbsp; T\u00e4m\u00e4 n\u00e4kyy teoksissani viivan runsautena ja maalauksenomaisena j\u00e4lken\u00e4.<\/p>\n\n\n\n<p class=\"has-small-font-size\">Minua kiinnosta tutkia suhdettamme ymp\u00e4rist\u00f6\u00f6mme. Olen kuvannut ihmisen ty\u00f6n tuloksena syntyneit\u00e4 tiloja ja paikkoja, joissa n\u00e4kyy ihmisen vaikutus, mutta ilman ihmisen l\u00e4sn\u00e4oloa. Arkiymp\u00e4rist\u00f6ss\u00e4mme n\u00e4kyv\u00e4t ajan kerros\u00adtumat ja ne j\u00e4ljet, jota j\u00e4t\u00e4mme j\u00e4lkeemme. Vaikka t\u00e4llainen arjen mai\u00adse\u00adma on aina ymp\u00e4rill\u00e4mme, sen l\u00f6yt\u00e4minen ja kohtaaminen ei ole helppoa. Ylev\u00e4\u00e4 ja subliimia on helppo ihailla kaukaa ja kaukana itse kohteesta, mutta l\u00e4helle on vaikea n\u00e4hd\u00e4.&nbsp; Varsinkin rakennettu kulttuurimaisema kertoo el\u00e4m\u00e4st\u00e4mme, elin\u00adtavoistamme ja niiden muutoksista. &nbsp;Teoksiani voi l\u00e4hesty\u00e4 ja tutkia useiden n\u00e4k\u00f6kulmien kautta, sill\u00e4 hidas tekemisen tapani antaa teoksille aikaa kehitty\u00e4 kerroksellisiksi ja monisis\u00e4lt\u00f6isiksi kokonaisuuksiksi.<\/p>\n\n\n\n<p><\/p>\n","protected":false},"excerpt":{"rendered":"<p>Olen opiskellut kuvataiteilijaksi Kankaanp\u00e4\u00e4n taidekoulussa (YAMK) ja Turun Taideakatemiassa (AMK). Asun ja ty\u00f6skentelen Lemp\u00e4\u00e4l\u00e4ss\u00e4. Vaikka ty\u00f6skentelenkin monipuolisesti eri materiaaleilla ja v\u00e4lineill\u00e4, koen olevani piirt\u00e4j\u00e4. Piirt\u00e4misess\u00e4 kiehtoo v\u00e4lit\u00f6n yhteys materiaaliin. K\u00e4sivarren mittaiset viivat, ranteen liikkeell\u00e4 py\u00f6ritetyt pienet piperrykset, kaikki l\u00e4htev\u00e4t itsest\u00e4ni, omasta kehostani. Piirr\u00e4n mit\u00e4 olen ja piirros on n\u00e4kyv\u00e4 manifesti persoonallisuudestani ja n\u00e4kemisen prosessistani. Teokseni&hellip; <a class=\"more-link\" href=\"https:\/\/www.outiaho.fi\/?page_id=6\">Jatka lukemista <span class=\"screen-reader-text\">BIO<\/span><\/a><\/p>\n","protected":false},"author":1,"featured_media":0,"parent":0,"menu_order":0,"comment_status":"closed","ping_status":"closed","template":"","meta":[],"_links":{"self":[{"href":"https:\/\/www.outiaho.fi\/index.php?rest_route=\/wp\/v2\/pages\/6"}],"collection":[{"href":"https:\/\/www.outiaho.fi\/index.php?rest_route=\/wp\/v2\/pages"}],"about":[{"href":"https:\/\/www.outiaho.fi\/index.php?rest_route=\/wp\/v2\/types\/page"}],"author":[{"embeddable":true,"href":"https:\/\/www.outiaho.fi\/index.php?rest_route=\/wp\/v2\/users\/1"}],"replies":[{"embeddable":true,"href":"https:\/\/www.outiaho.fi\/index.php?rest_route=%2Fwp%2Fv2%2Fcomments&post=6"}],"version-history":[{"count":4,"href":"https:\/\/www.outiaho.fi\/index.php?rest_route=\/wp\/v2\/pages\/6\/revisions"}],"predecessor-version":[{"id":160,"href":"https:\/\/www.outiaho.fi\/index.php?rest_route=\/wp\/v2\/pages\/6\/revisions\/160"}],"wp:attachment":[{"href":"https:\/\/www.outiaho.fi\/index.php?rest_route=%2Fwp%2Fv2%2Fmedia&parent=6"}],"curies":[{"name":"wp","href":"https:\/\/api.w.org\/{rel}","templated":true}]}}